{"id":12,"date":"2021-06-08T09:56:43","date_gmt":"2021-06-08T09:56:43","guid":{"rendered":"https:\/\/troldehave.dk\/helges\/?page_id=12"},"modified":"2021-06-08T19:22:53","modified_gmt":"2021-06-08T19:22:53","slug":"lidt-groennere","status":"publish","type":"page","link":"https:\/\/troldehave.dk\/helges\/lidt-groennere\/","title":{"rendered":"Lidt gr\u00f8nnere"},"content":{"rendered":"<div class=\"row\"  id=\"row-1166201069\">\n\n\t<div id=\"col-299410277\" class=\"col medium-5 small-12 large-5\"  >\n\t\t\t\t<div class=\"col-inner\"  >\n\t\t\t\n\t\t\t\n\t<div class=\"img has-hover x md-x lg-x y md-y lg-y\" id=\"image_1086389322\">\n\t\t\t\t\t\t\t\t<div class=\"img-inner image-cover dark\" style=\"padding-top:95%;\">\n\t\t\t<img loading=\"lazy\" decoding=\"async\" width=\"204\" height=\"153\" src=\"https:\/\/troldehave.dk\/helges\/wp-content\/uploads\/2021\/06\/HelgesVrksted_srcset-large.jpg\" class=\"attachment-large size-large\" alt=\"\" \/>\t\t\t\t\t\t\n\t\t\t\t\t<\/div>\n\t\t\t\t\t\t\t\t\n<style>\n#image_1086389322 {\n  width: 100%;\n}\n<\/style>\n\t<\/div>\n\t\n\t\t<\/div>\n\t\t\t\t\t<\/div>\n\n\t\n\n\t<div id=\"col-1087719280\" class=\"col medium-7 small-12 large-7\"  >\n\t\t\t\t<div class=\"col-inner\"  >\n\t\t\t\n\t\t\t\n<h4 class=\"module h2\">Sidste nyt fra Helges V\u00e6rksted<\/h4>\n<p>Nu laves alle vores produkter ogs\u00e5 i mere milj\u00f8venlige materialer.<\/p>\n<p>Bundrammen og taget p\u00e5 vores h\u00f8nse- og legehuse er af trykimpr\u00e6neret tr\u00e6, nu kan du v\u00e6lge tag af superwood og bundramme af l\u00e6rketr\u00e6.<\/p>\n<p>Superwood tr\u00e6impr\u00e6gnering er milj\u00f8venlig og sk\u00e5nsom. Tr\u00e6et bliver sikret mod r\u00e5d og svamp fra yderst til inderst, helt uden brug af tungmetaller og organiske opl\u00f8sningsmidler.<\/p>\n<p>Bundrammen er l\u00e6rketr\u00e6. L\u00e6rketr\u00e6 er en af de s\u00e5kaldte, naturligt holdbare tr\u00e6sorter som bl.a. d\u00e6kker over arterne thuja, l\u00e6rk og douglasgran. Vi anbefaler dog at legehusene s\u00e6ttes p\u00e5 et par havefliser for at undg\u00e5 direkte kontakt med v\u00e5d jord.<\/p>\n<p>V\u00e6gler du at Helges V\u00e6rksted skal male for dig, bliver husene behandlet med svanem\u00e6rket maling eller svanem\u00e6rket tr\u00e6beskytelse.<\/p>\n\t\t<\/div>\n\t\t\t\t\t<\/div>\n\n\t\n<\/div>\n","protected":false},"excerpt":{"rendered":"","protected":false},"author":1,"featured_media":0,"parent":0,"menu_order":0,"comment_status":"closed","ping_status":"closed","template":"","meta":{"footnotes":""},"class_list":["post-12","page","type-page","status-publish","hentry"],"_links":{"self":[{"href":"https:\/\/troldehave.dk\/helges\/wp-json\/wp\/v2\/pages\/12","targetHints":{"allow":["GET"]}}],"collection":[{"href":"https:\/\/troldehave.dk\/helges\/wp-json\/wp\/v2\/pages"}],"about":[{"href":"https:\/\/troldehave.dk\/helges\/wp-json\/wp\/v2\/types\/page"}],"author":[{"embeddable":true,"href":"https:\/\/troldehave.dk\/helges\/wp-json\/wp\/v2\/users\/1"}],"replies":[{"embeddable":true,"href":"https:\/\/troldehave.dk\/helges\/wp-json\/wp\/v2\/comments?post=12"}],"version-history":[{"count":3,"href":"https:\/\/troldehave.dk\/helges\/wp-json\/wp\/v2\/pages\/12\/revisions"}],"predecessor-version":[{"id":280,"href":"https:\/\/troldehave.dk\/helges\/wp-json\/wp\/v2\/pages\/12\/revisions\/280"}],"wp:attachment":[{"href":"https:\/\/troldehave.dk\/helges\/wp-json\/wp\/v2\/media?parent=12"}],"curies":[{"name":"wp","href":"https:\/\/api.w.org\/{rel}","templated":true}]}}