{"id":14,"date":"2021-06-08T09:56:53","date_gmt":"2021-06-08T09:56:53","guid":{"rendered":"https:\/\/troldehave.dk\/helges\/?page_id=14"},"modified":"2021-06-14T08:05:29","modified_gmt":"2021-06-14T08:05:29","slug":"senge","status":"publish","type":"page","link":"https:\/\/troldehave.dk\/helges\/senge\/","title":{"rendered":"Senge"},"content":{"rendered":"<div class=\"row\"  id=\"row-2120153061\">\n\n\t<div id=\"col-1741655108\" class=\"col small-12 large-12\"  >\n\t\t\t\t<div class=\"col-inner\"  >\n\t\t\t\n\t\t\t\n<h1 class=\"module h1\">Hobbitseng<\/h1>\n<p>Hvorfor n\u00f8jes med et hobbithus i haven,\u00a0n\u00e5r man ogs\u00e5 kan lege, hygge og sove indend\u00f8rs i en hobbitseng<\/p>\n\t\t<\/div>\n\t\t\t\t\t<\/div>\n\n\t\n\n\t<div id=\"col-1290268688\" class=\"col medium-6 small-12 large-6\"  >\n\t\t\t\t<div class=\"col-inner\"  >\n\t\t\t\n\t\t\t\n<h4>Om sengen<\/h4>\n<p>Sengens madrasm\u00e5l er 70&#215;140 cm<br \/>Hobbitsengen er 118 cm h\u00f8j, 180 cm lang og 105 cm bred<br \/>Sengens indvendige m\u00e5l er l\u00e6ngde 150 cm, \u00a0bredde cm og h\u00f8jden er 100 cm<br \/>OBS. Sengebund er med i prisen. Tilk\u00f8b: boghylde<\/p>\n<h4>Materialer<\/h4>\n<p>Hobbitsengens sider og tag er af det fineste poppelfiner<br \/>Bundrammen er af douglas gran<\/p>\n<p>pris kr. 11.000,00<\/p>\n<p>\u00a0<\/p>\n<p><strong>Bestillinger modtages pr e-mail.<\/strong><br \/>Du f\u00e5r selvf\u00f8lgelig en ordrebekr\u00e6ftelse p\u00e5 bestilling og levering.<br \/>Du er naturligvis velkommen til at ringe til Helges V\u00e6rksted, hvis du har sp\u00f8rgsm\u00e5l.<\/p>\n\t\t<\/div>\n\t\t\t\t\t<\/div>\n\n\t\n\n\t<div id=\"col-1374559115\" class=\"col medium-6 small-12 large-6\"  >\n\t\t\t\t<div class=\"col-inner\"  >\n\t\t\t\n\t\t\t\n<div class=\"slider-wrapper relative\" id=\"slider-544187031\" >\n    <div class=\"slider slider-nav-circle slider-nav-large slider-nav-light slider-style-normal\"\n        data-flickity-options='{\n            \"cellAlign\": \"center\",\n            \"imagesLoaded\": true,\n            \"lazyLoad\": 1,\n            \"freeScroll\": false,\n            \"wrapAround\": true,\n            \"autoPlay\": 6000,\n            \"pauseAutoPlayOnHover\" : true,\n            \"prevNextButtons\": true,\n            \"contain\" : true,\n            \"adaptiveHeight\" : true,\n            \"dragThreshold\" : 10,\n            \"percentPosition\": true,\n            \"pageDots\": true,\n            \"rightToLeft\": false,\n            \"draggable\": true,\n            \"selectedAttraction\": 0.1,\n            \"parallax\" : 0,\n            \"friction\": 0.6        }'\n        >\n        \n\t<div class=\"img has-hover x md-x lg-x y md-y lg-y\" id=\"image_1294905439\">\n\t\t\t\t\t\t\t\t<div class=\"img-inner dark\" >\n\t\t\t<img loading=\"lazy\" decoding=\"async\" width=\"327\" height=\"436\" src=\"https:\/\/troldehave.dk\/helges\/wp-content\/uploads\/2021\/06\/Brnevrelsemedhobbitseng_srcset-large.jpg\" class=\"attachment-large size-large\" alt=\"\" srcset=\"https:\/\/troldehave.dk\/helges\/wp-content\/uploads\/2021\/06\/Brnevrelsemedhobbitseng_srcset-large.jpg 327w, https:\/\/troldehave.dk\/helges\/wp-content\/uploads\/2021\/06\/Brnevrelsemedhobbitseng_srcset-large-225x300.jpg 225w\" sizes=\"auto, (max-width: 327px) 100vw, 327px\" \/>\t\t\t\t\t\t\n\t\t\t\t\t<\/div>\n\t\t\t\t\t\t\t\t\n<style>\n#image_1294905439 {\n  width: 100%;\n}\n<\/style>\n\t<\/div>\n\t\n\t<div class=\"img has-hover x md-x lg-x y md-y lg-y\" id=\"image_1965908155\">\n\t\t\t\t\t\t\t\t<div class=\"img-inner dark\" >\n\t\t\t<img loading=\"lazy\" decoding=\"async\" width=\"436\" height=\"436\" src=\"https:\/\/troldehave.dk\/helges\/wp-content\/uploads\/2021\/06\/hobbitsengfront1_srcset-large.jpg\" class=\"attachment-large size-large\" alt=\"\" srcset=\"https:\/\/troldehave.dk\/helges\/wp-content\/uploads\/2021\/06\/hobbitsengfront1_srcset-large.jpg 436w, https:\/\/troldehave.dk\/helges\/wp-content\/uploads\/2021\/06\/hobbitsengfront1_srcset-large-300x300.jpg 300w, https:\/\/troldehave.dk\/helges\/wp-content\/uploads\/2021\/06\/hobbitsengfront1_srcset-large-150x150.jpg 150w\" sizes=\"auto, (max-width: 436px) 100vw, 436px\" \/>\t\t\t\t\t\t\n\t\t\t\t\t<\/div>\n\t\t\t\t\t\t\t\t\n<style>\n#image_1965908155 {\n  width: 100%;\n}\n<\/style>\n\t<\/div>\n\t\n\t<div class=\"img has-hover x md-x lg-x y md-y lg-y\" id=\"image_1567986129\">\n\t\t\t\t\t\t\t\t<div class=\"img-inner dark\" >\n\t\t\t<img loading=\"lazy\" decoding=\"async\" width=\"436\" height=\"436\" src=\"https:\/\/troldehave.dk\/helges\/wp-content\/uploads\/2021\/06\/hobbitseng1_srcset-large.jpg\" class=\"attachment-large size-large\" alt=\"\" srcset=\"https:\/\/troldehave.dk\/helges\/wp-content\/uploads\/2021\/06\/hobbitseng1_srcset-large.jpg 436w, https:\/\/troldehave.dk\/helges\/wp-content\/uploads\/2021\/06\/hobbitseng1_srcset-large-300x300.jpg 300w, https:\/\/troldehave.dk\/helges\/wp-content\/uploads\/2021\/06\/hobbitseng1_srcset-large-150x150.jpg 150w\" sizes=\"auto, (max-width: 436px) 100vw, 436px\" \/>\t\t\t\t\t\t\n\t\t\t\t\t<\/div>\n\t\t\t\t\t\t\t\t\n<style>\n#image_1567986129 {\n  width: 100%;\n}\n<\/style>\n\t<\/div>\n\t\n\t<div class=\"img has-hover x md-x lg-x y md-y lg-y\" id=\"image_1923329604\">\n\t\t\t\t\t\t\t\t<div class=\"img-inner dark\" >\n\t\t\t<img loading=\"lazy\" decoding=\"async\" width=\"436\" height=\"436\" src=\"https:\/\/troldehave.dk\/helges\/wp-content\/uploads\/2021\/06\/pladstilbgerphylden1_srcset-large.jpg\" class=\"attachment-large size-large\" alt=\"\" srcset=\"https:\/\/troldehave.dk\/helges\/wp-content\/uploads\/2021\/06\/pladstilbgerphylden1_srcset-large.jpg 436w, https:\/\/troldehave.dk\/helges\/wp-content\/uploads\/2021\/06\/pladstilbgerphylden1_srcset-large-300x300.jpg 300w, https:\/\/troldehave.dk\/helges\/wp-content\/uploads\/2021\/06\/pladstilbgerphylden1_srcset-large-150x150.jpg 150w\" sizes=\"auto, (max-width: 436px) 100vw, 436px\" \/>\t\t\t\t\t\t\n\t\t\t\t\t<\/div>\n\t\t\t\t\t\t\t\t\n<style>\n#image_1923329604 {\n  width: 100%;\n}\n<\/style>\n\t<\/div>\n\t\n\t<div class=\"img has-hover x md-x lg-x y md-y lg-y\" id=\"image_1047851947\">\n\t\t\t\t\t\t\t\t<div class=\"img-inner dark\" >\n\t\t\t<img loading=\"lazy\" decoding=\"async\" width=\"436\" height=\"436\" src=\"https:\/\/troldehave.dk\/helges\/wp-content\/uploads\/2021\/06\/boghylde1_srcset-large.jpg\" class=\"attachment-large size-large\" alt=\"\" srcset=\"https:\/\/troldehave.dk\/helges\/wp-content\/uploads\/2021\/06\/boghylde1_srcset-large.jpg 436w, https:\/\/troldehave.dk\/helges\/wp-content\/uploads\/2021\/06\/boghylde1_srcset-large-300x300.jpg 300w, https:\/\/troldehave.dk\/helges\/wp-content\/uploads\/2021\/06\/boghylde1_srcset-large-150x150.jpg 150w\" sizes=\"auto, (max-width: 436px) 100vw, 436px\" \/>\t\t\t\t\t\t\n\t\t\t\t\t<\/div>\n\t\t\t\t\t\t\t\t\n<style>\n#image_1047851947 {\n  width: 100%;\n}\n<\/style>\n\t<\/div>\n\t\n\t<div class=\"img has-hover x md-x lg-x y md-y lg-y\" id=\"image_925719565\">\n\t\t\t\t\t\t\t\t<div class=\"img-inner dark\" >\n\t\t\t<img loading=\"lazy\" decoding=\"async\" width=\"436\" height=\"436\" src=\"https:\/\/troldehave.dk\/helges\/wp-content\/uploads\/2021\/06\/vindueibagsiden1_srcset-large.jpg\" class=\"attachment-large size-large\" alt=\"\" srcset=\"https:\/\/troldehave.dk\/helges\/wp-content\/uploads\/2021\/06\/vindueibagsiden1_srcset-large.jpg 436w, https:\/\/troldehave.dk\/helges\/wp-content\/uploads\/2021\/06\/vindueibagsiden1_srcset-large-300x300.jpg 300w, https:\/\/troldehave.dk\/helges\/wp-content\/uploads\/2021\/06\/vindueibagsiden1_srcset-large-150x150.jpg 150w\" sizes=\"auto, (max-width: 436px) 100vw, 436px\" \/>\t\t\t\t\t\t\n\t\t\t\t\t<\/div>\n\t\t\t\t\t\t\t\t\n<style>\n#image_925719565 {\n  width: 100%;\n}\n<\/style>\n\t<\/div>\n\t\n     <\/div>\n\n     <div class=\"loading-spin dark large centered\"><\/div>\n\n\t<\/div>\n\n\n\t\t<\/div>\n\t\t\t\t\t<\/div>\n\n\t\n<\/div>\n","protected":false},"excerpt":{"rendered":"","protected":false},"author":1,"featured_media":0,"parent":0,"menu_order":0,"comment_status":"closed","ping_status":"closed","template":"","meta":{"footnotes":""},"class_list":["post-14","page","type-page","status-publish","hentry"],"_links":{"self":[{"href":"https:\/\/troldehave.dk\/helges\/wp-json\/wp\/v2\/pages\/14","targetHints":{"allow":["GET"]}}],"collection":[{"href":"https:\/\/troldehave.dk\/helges\/wp-json\/wp\/v2\/pages"}],"about":[{"href":"https:\/\/troldehave.dk\/helges\/wp-json\/wp\/v2\/types\/page"}],"author":[{"embeddable":true,"href":"https:\/\/troldehave.dk\/helges\/wp-json\/wp\/v2\/users\/1"}],"replies":[{"embeddable":true,"href":"https:\/\/troldehave.dk\/helges\/wp-json\/wp\/v2\/comments?post=14"}],"version-history":[{"count":3,"href":"https:\/\/troldehave.dk\/helges\/wp-json\/wp\/v2\/pages\/14\/revisions"}],"predecessor-version":[{"id":384,"href":"https:\/\/troldehave.dk\/helges\/wp-json\/wp\/v2\/pages\/14\/revisions\/384"}],"wp:attachment":[{"href":"https:\/\/troldehave.dk\/helges\/wp-json\/wp\/v2\/media?parent=14"}],"curies":[{"name":"wp","href":"https:\/\/api.w.org\/{rel}","templated":true}]}}