{"id":18,"date":"2021-06-08T09:57:08","date_gmt":"2021-06-08T09:57:08","guid":{"rendered":"https:\/\/troldehave.dk\/helges\/?page_id=18"},"modified":"2021-06-08T19:08:57","modified_gmt":"2021-06-08T19:08:57","slug":"hoensehuse","status":"publish","type":"page","link":"https:\/\/troldehave.dk\/helges\/hoensehuse\/","title":{"rendered":"H\u00f8nsehuse"},"content":{"rendered":"<div class=\"row\"  id=\"row-1986513571\">\n\n\t<div id=\"col-552633314\" class=\"col small-12 large-12\"  >\n\t\t\t\t<div class=\"col-inner\"  >\n\t\t\t\n\t\t\t\n<h4>H\u00f8nsehuse<\/h4>\n<p>Alle husene fremstilles p\u00e5 bestilling.<br \/>H\u00f8nsehusene s\u00e6lges samlet og klar til brug \u2013 ingen samles\u00e6t.<\/p>\n<a href=\"https:\/\/troldehave.dk\/helges\/priser-betaling\/\" class=\"button primary\" >\n\t\t<span>M\u00e5l og priser<\/span>\n\t<\/a>\n\n\t\t<\/div>\n\t\t\t\t\t<\/div>\n\n\t\n\n\t<div id=\"col-420180703\" class=\"col medium-4 small-12 large-4\"  >\n\t\t\t\t<div class=\"col-inner\"  >\n\t\t\t\n\t\t\t\n\t<div class=\"img has-hover x md-x lg-x y md-y lg-y\" id=\"image_780687084\">\n\t\t\t\t\t\t\t\t<div class=\"img-inner image-cover dark\" style=\"padding-top:75%;\">\n\t\t\t<img loading=\"lazy\" decoding=\"async\" width=\"281\" height=\"158\" src=\"https:\/\/troldehave.dk\/helges\/wp-content\/uploads\/2021\/06\/lillehobbitsomhnsehus1_srcset-large.jpg\" class=\"attachment-large size-large\" alt=\"\" \/>\t\t\t\t\t\t\n\t\t\t\t\t<\/div>\n\t\t\t\t\t\t\t\t\n<style>\n#image_780687084 {\n  width: 100%;\n}\n<\/style>\n\t<\/div>\n\t\n<p>Lille hobbithus som h\u00f8nsehus i m\u00f8rkegr\u00f8n med brunt tag og rammer.<br \/>OBS h\u00f8nseg\u00e5rd medf\u00f8lger ikke<\/p>\n\t\t<\/div>\n\t\t\t\t\t<\/div>\n\n\t\n\n\t<div id=\"col-2139668675\" class=\"col medium-4 small-12 large-4\"  >\n\t\t\t\t<div class=\"col-inner\"  >\n\t\t\t\n\t\t\t\n\t<div class=\"img has-hover x md-x lg-x y md-y lg-y\" id=\"image_23307986\">\n\t\t\t\t\t\t\t\t<div class=\"img-inner image-cover dark\" style=\"padding-top:75%;\">\n\t\t\t<img loading=\"lazy\" decoding=\"async\" width=\"281\" height=\"158\" src=\"https:\/\/troldehave.dk\/helges\/wp-content\/uploads\/2021\/06\/lillehobbithussomhnsehus2_srcset-large.jpg\" class=\"attachment-large size-large\" alt=\"\" \/>\t\t\t\t\t\t\n\t\t\t\t\t<\/div>\n\t\t\t\t\t\t\t\t\n<style>\n#image_23307986 {\n  width: 100%;\n}\n<\/style>\n\t<\/div>\n\t\n<p>Lille hobbithus som h\u00f8nsehus i m\u00f8rkegr\u00f8n med brunt tag og rammer.<br \/>OBS h\u00f8nseg\u00e5rd medf\u00f8lger ikke<\/p>\n\t\t<\/div>\n\t\t\t\t\t<\/div>\n\n\t\n\n\t<div id=\"col-670439838\" class=\"col medium-4 small-12 large-4\"  >\n\t\t\t\t<div class=\"col-inner\"  >\n\t\t\t\n\t\t\t\n\t<div class=\"img has-hover x md-x lg-x y md-y lg-y\" id=\"image_1698812220\">\n\t\t\t\t\t\t\t\t<div class=\"img-inner image-cover dark\" style=\"padding-top:75%;\">\n\t\t\t<img loading=\"lazy\" decoding=\"async\" width=\"281\" height=\"158\" src=\"https:\/\/troldehave.dk\/helges\/wp-content\/uploads\/2021\/06\/lillehobbithussomhnsehus3_srcset-large.jpg\" class=\"attachment-large size-large\" alt=\"\" \/>\t\t\t\t\t\t\n\t\t\t\t\t<\/div>\n\t\t\t\t\t\t\t\t\n<style>\n#image_1698812220 {\n  width: 100%;\n}\n<\/style>\n\t<\/div>\n\t\n<p>Lille hobbithus som h\u00f8nsehus i m\u00f8rkegr\u00f8n med brunt tag og rammer.<br \/>OBS h\u00f8nseg\u00e5rd medf\u00f8lger ikke<\/p>\n\t\t<\/div>\n\t\t\t\t\t<\/div>\n\n\t\n\n\t<div id=\"col-1047894629\" class=\"col medium-4 small-12 large-4\"  >\n\t\t\t\t<div class=\"col-inner\"  >\n\t\t\t\n\t\t\t\n\t<div class=\"img has-hover x md-x lg-x y md-y lg-y\" id=\"image_1013848861\">\n\t\t\t\t\t\t\t\t<div class=\"img-inner image-cover dark\" style=\"padding-top:75%;\">\n\t\t\t<img loading=\"lazy\" decoding=\"async\" width=\"281\" height=\"230\" src=\"https:\/\/troldehave.dk\/helges\/wp-content\/uploads\/2021\/06\/hnsehusmeddrogvindue10.jpg\" class=\"attachment-large size-large\" alt=\"\" \/>\t\t\t\t\t\t\n\t\t\t\t\t<\/div>\n\t\t\t\t\t\t\t\t\n<style>\n#image_1013848861 {\n  width: 100%;\n}\n<\/style>\n\t<\/div>\n\t\n<p>H\u00f8nsehus i j\u00e6gergr\u00f8n med brunt tag og rammer<\/p>\n\t\t<\/div>\n\t\t\t\t\t<\/div>\n\n\t\n\n\t<div id=\"col-2038726487\" class=\"col medium-4 small-12 large-4\"  >\n\t\t\t\t<div class=\"col-inner\"  >\n\t\t\t\n\t\t\t\n\t<div class=\"img has-hover x md-x lg-x y md-y lg-y\" id=\"image_517907242\">\n\t\t\t\t\t\t\t\t<div class=\"img-inner image-cover dark\" style=\"padding-top:75%;\">\n\t\t\t<img loading=\"lazy\" decoding=\"async\" width=\"281\" height=\"210\" src=\"https:\/\/troldehave.dk\/helges\/wp-content\/uploads\/2021\/06\/procceshnsehus0.jpg\" class=\"attachment-large size-large\" alt=\"\" \/>\t\t\t\t\t\t\n\t\t\t\t\t<\/div>\n\t\t\t\t\t\t\t\t\n<style>\n#image_517907242 {\n  width: 100%;\n}\n<\/style>\n\t<\/div>\n\t\n<p>H\u00f8nsehus undervejs i processen<\/p>\n\t\t<\/div>\n\t\t\t\t\t<\/div>\n\n\t\n\n\t<div id=\"col-2057874789\" class=\"col medium-4 small-12 large-4\"  >\n\t\t\t\t<div class=\"col-inner\"  >\n\t\t\t\n\t\t\t\n\t<div class=\"img has-hover x md-x lg-x y md-y lg-y\" id=\"image_544391041\">\n\t\t\t\t\t\t\t\t<div class=\"img-inner image-cover dark\" style=\"padding-top:75%;\">\n\t\t\t<img loading=\"lazy\" decoding=\"async\" width=\"281\" height=\"210\" src=\"https:\/\/troldehave.dk\/helges\/wp-content\/uploads\/2021\/06\/hnsegrdoghnsehus0.jpg\" class=\"attachment-large size-large\" alt=\"\" \/>\t\t\t\t\t\t\n\t\t\t\t\t<\/div>\n\t\t\t\t\t\t\t\t\n<style>\n#image_544391041 {\n  width: 100%;\n}\n<\/style>\n\t<\/div>\n\t\n<p>H\u00f8nsehus med h\u00f8nseg\u00e5rd (medf\u00f8lger ikke)<\/p>\n\t\t<\/div>\n\t\t\t\t\t<\/div>\n\n\t\n<\/div>\n<div class=\"row\"  id=\"row-1532905036\">\n\n\t<div id=\"col-883345456\" class=\"col medium-2 small-12 large-2\"  >\n\t\t\t\t<div class=\"col-inner\"  >\n\t\t\t\n\t\t\t\n\t<div class=\"img has-hover x md-x lg-x y md-y lg-y\" id=\"image_355281518\">\n\t\t<a class=\"\" href=\"https:\/\/www.flugger.dk\/\" target=\"_blank\" rel=\"noopener\" >\t\t\t\t\t\t<div class=\"img-inner dark\" >\n\t\t\t<img loading=\"lazy\" decoding=\"async\" width=\"145\" height=\"145\" src=\"https:\/\/troldehave.dk\/helges\/wp-content\/uploads\/2021\/06\/fluggerlogo_srcset-large.png\" class=\"attachment-large size-large\" alt=\"\" \/>\t\t\t\t\t\t\n\t\t\t\t\t<\/div>\n\t\t\t\t\t\t<\/a>\t\t\n<style>\n#image_355281518 {\n  width: 100%;\n}\n<\/style>\n\t<\/div>\n\t\n\t\t<\/div>\n\t\t\t\t\t<\/div>\n\n\t\n\n\t<div id=\"col-662604734\" class=\"col medium-10 small-12 large-10\"  >\n\t\t\t\t<div class=\"col-inner\"  >\n\t\t\t\n\t\t\t\n<h4>H\u00f8nsehusene kan leveres malet&#8230;<\/h4>\n<p>Du bestemmer selv hvilke farver du eventuelt vil have huset malet med, send blot en mail med farvekoder fra Fl\u00fcgger.<\/p>\n<p>OBS FOR AT V\u00c6RE HELT SIKKER P\u00c5 AT FARVEN MATCHER DINE \u00d8NSKER, ANGIV VENLIGST FARVEKODE. FARVERNE P\u00c5 SK\u00c6RMEN KAN AFVIGE FRA VIRKELIGHEDEN.<\/p>\n\t\t<\/div>\n\t\t\t\t\t<\/div>\n\n\t\n<\/div>\n","protected":false},"excerpt":{"rendered":"","protected":false},"author":1,"featured_media":0,"parent":0,"menu_order":0,"comment_status":"closed","ping_status":"closed","template":"","meta":{"footnotes":""},"class_list":["post-18","page","type-page","status-publish","hentry"],"_links":{"self":[{"href":"https:\/\/troldehave.dk\/helges\/wp-json\/wp\/v2\/pages\/18","targetHints":{"allow":["GET"]}}],"collection":[{"href":"https:\/\/troldehave.dk\/helges\/wp-json\/wp\/v2\/pages"}],"about":[{"href":"https:\/\/troldehave.dk\/helges\/wp-json\/wp\/v2\/types\/page"}],"author":[{"embeddable":true,"href":"https:\/\/troldehave.dk\/helges\/wp-json\/wp\/v2\/users\/1"}],"replies":[{"embeddable":true,"href":"https:\/\/troldehave.dk\/helges\/wp-json\/wp\/v2\/comments?post=18"}],"version-history":[{"count":3,"href":"https:\/\/troldehave.dk\/helges\/wp-json\/wp\/v2\/pages\/18\/revisions"}],"predecessor-version":[{"id":274,"href":"https:\/\/troldehave.dk\/helges\/wp-json\/wp\/v2\/pages\/18\/revisions\/274"}],"wp:attachment":[{"href":"https:\/\/troldehave.dk\/helges\/wp-json\/wp\/v2\/media?parent=18"}],"curies":[{"name":"wp","href":"https:\/\/api.w.org\/{rel}","templated":true}]}}