{"id":20,"date":"2021-06-08T09:58:05","date_gmt":"2021-06-08T09:58:05","guid":{"rendered":"https:\/\/troldehave.dk\/helges\/?page_id=20"},"modified":"2021-06-14T08:07:27","modified_gmt":"2021-06-14T08:07:27","slug":"priser-betaling","status":"publish","type":"page","link":"https:\/\/troldehave.dk\/helges\/priser-betaling\/","title":{"rendered":"Priser &#038; Betaling"},"content":{"rendered":"\t<div id=\"gap-2124201183\" class=\"gap-element clearfix\" style=\"display:block; height:auto;\">\n\t\t\n<style>\n#gap-2124201183 {\n  padding-top: 30px;\n}\n<\/style>\n\t<\/div>\n\t\n\n\t<section class=\"section dark has-mask mask-arrow\" id=\"section_238526534\">\n\t\t<div class=\"section-bg fill\" >\n\t\t\t\t\t\t\t\t\t\n\t\t\t\n\n\t\t<\/div>\n\n\t\t\n\n\t\t<div class=\"section-content relative\">\n\t\t\t\n<div class=\"row\"  id=\"row-239019327\">\n\n\t<div id=\"col-1939845438\" class=\"col small-12 large-12\"  >\n\t\t\t\t<div class=\"col-inner\"  >\n\t\t\t\n\t\t\t\n<h3>Priser Hobbithuse<\/h3>\n<p>Legehusene fremstilles i gode robuste materialer og leveres samlet og klar til leg<\/p>\n\t\t<\/div>\n\t\t\t\t\t<\/div>\n\n\t\n\n\t<div id=\"col-172659944\" class=\"col medium-6 small-12 large-6\"  >\n\t\t\t\t<div class=\"col-inner\"  >\n\t\t\t\n\t\t\t\n<p><strong>Det store Hobbithus<\/strong> koster kr. 14.000, umalet<br \/>\nDen gr\u00f8nnere udgave koster kr. 14.995, umalet<\/p>\n<p><strong>Merpris for malet<\/strong><br \/>\ngavle, udvendig kr. 900,-<br \/>\ntag, udvendig kr. 1.200,-<br \/>\ngavle, indvendig kr. 900,-<\/p>\n<p><strong>Merpris for svanem\u00e6rket<\/strong><br \/>\ngavle, udvendig kr. 1.000,-<br \/>\ntag, udvendig kr. 1.300,-<br \/>\ngavle, indvendig kr. 1.000,-<\/p>\n<p>Huset er 155 cm h\u00f8jt, 300 cm bredt og 160 cm dybt<\/p>\n\t\t<\/div>\n\t\t\t\t\t<\/div>\n\n\t\n\n\t<div id=\"col-1250526104\" class=\"col medium-6 small-12 large-6\"  >\n\t\t\t\t<div class=\"col-inner\"  >\n\t\t\t\n\t\t\t\n<p><strong>Det lille Hobbithus<\/strong>\u00a0koster\u00a0 \u00a0 \u00a0 kr. 13.000, umalet<br \/>\nDen gr\u00f8nnere udgave koster kr. 13.300, umalet,<\/p>\n<p><strong>Merpris for malet<\/strong><br \/>\ngavle, udvendig \u00a0 \u00a0\u00a0kr.\u00a0 \u00a0 \u00a0 900,-<br \/>\ntag, udvendig \u00a0 \u00a0 \u00a0 \u00a0\u00a0kr.\u00a0 \u00a01.200,-<br \/>\ngavle, indvendig \u00a0 \u00a0kr.\u00a0 \u00a0 \u00a0 900,-<\/p>\n<p><strong>Merpris for svanem\u00e6rket<\/strong><br \/>\ngavle, udvendig \u00a0 \u00a0\u00a0kr.\u00a0 \u00a0 \u00a01.000,-<br \/>\ntag, udvendig \u00a0 \u00a0 \u00a0 \u00a0\u00a0kr.\u00a0 \u00a0 \u00a01.300,-<br \/>\ngavle, indvendig \u00a0 \u00a0kr.\u00a0 \u00a0 \u00a01.000,-<\/p>\n<p>Huset er\u00a0130 cm\u00a0\u00a0h\u00f8jt,\u00a0240 cm\u00a0\u00a0bredt og 160 cm dybt<\/p>\n\t\t<\/div>\n\t\t\t\t\t<\/div>\n\n\t\n\n\t<div id=\"col-1755169036\" class=\"col small-12 large-12\"  >\n\t\t\t\t<div class=\"col-inner\"  >\n\t\t\t\n\t\t\t\n<p>Materialer: Gavlene er\u00a015 mm\u00a0vandfast krydsfiner.\u00a0Taget er af trykimpr\u00e6gneret klinkbekl\u00e6dning udvendig og\u00a0undertags-dug indvendig\u00a0Gulvet er 9 mm\u00a0vognplade, p\u00e5 en trykimpr\u00e6neret ramme. Vinduerne er af plexiglas.<\/p>\n<p>Alle kanter er pudset og alle skruer er rustfri.<\/p>\n\t\t<\/div>\n\t\t\t\t\t<\/div>\n\n\t\n<\/div>\n\t\t<\/div>\n\n\t\t\n<style>\n#section_238526534 {\n  padding-top: 59px;\n  padding-bottom: 59px;\n  min-height: 300px;\n  background-color: rgb(96, 132, 71);\n}\n<\/style>\n\t<\/section>\n\t\n\t<div id=\"gap-1748405892\" class=\"gap-element clearfix\" style=\"display:block; height:auto;\">\n\t\t\n<style>\n#gap-1748405892 {\n  padding-top: 50px;\n}\n<\/style>\n\t<\/div>\n\t\n\n\t<section class=\"section dark has-mask mask-arrow\" id=\"section_1428006985\">\n\t\t<div class=\"section-bg fill\" >\n\t\t\t\t\t\t\t\t\t\n\t\t\t\n\n\t\t<\/div>\n\n\t\t\n\n\t\t<div class=\"section-content relative\">\n\t\t\t\n<div class=\"row\"  id=\"row-1909520867\">\n\n\t<div id=\"col-241868862\" class=\"col medium-6 small-12 large-6\"  >\n\t\t\t\t<div class=\"col-inner\"  >\n\t\t\t\n\t\t\t\n<h3>Priser Eventyrhuse<\/h3>\n<p>Eventyrhusene fremstilles i gode robuste materialer samlet og klar til leg<br \/>\nEventyrhuset koster kr. 22.900,- inkl. blomsterkasser<\/p>\n<p>Husets udvendige m\u00e5l:<br \/>\n260 cm h\u00f8jt<br \/>\n200 cm langt<br \/>\n190 cm bredt<\/p>\n<p>Husets indvendige gulvm\u00e5l er 160 x 115 cm<\/p>\n<p>Selve eventyrhuset er fremstillet af douglasgran<br \/>\ntaget er af superwood klik for info<br \/>\nVinduerne er af plexiglas.<br \/>\nAlle kanter er pudset og alle skruer er rustfri.<\/p>\n\t\t<\/div>\n\t\t\t\t\t<\/div>\n\n\t\n\n\t<div id=\"col-2104460336\" class=\"col medium-6 small-12 large-6\"  >\n\t\t\t\t<div class=\"col-inner\"  >\n\t\t\t\n\t\t\t\n<h3>Priser MINI hobbit<\/h3>\n<p>Legehusene fremstilles i gode robuste materialer &#8211; og leveres samlet og klar til leg<\/p>\n<p>Mini hobbithuset koster kr. 11000, umalet<br \/>Den gr\u00f8nne udgave koster: kr 12.000, umalet klik her for info<\/p>\n<p>merpris for malet<br \/>gavle, udvendig kr. 800,- svanem\u00e6rket: 1.000,-<br \/>tag, udvendig kr. 800,- svanem\u00e6rket: 1.000,-<br \/>gavle, indvendig kr. 800,- svanem\u00e6rket: 1.000,-<\/p>\n<p>Huset er 130 cm h\u00f8jt, 160 cm bredt og 185 cm langt<\/p>\n\t\t<\/div>\n\t\t\t\t\t<\/div>\n\n\t\n\n\t<div id=\"col-1599205049\" class=\"col small-12 large-12\"  >\n\t\t\t\t<div class=\"col-inner\"  >\n\t\t\t\n\t\t\t\n<p><strong>Materialer:<br \/>\n<\/strong>Gavlene er\u00a015 mm\u00a0vandfast krydsfiner.<br \/>\nTaget er af trykimpr\u00e6gneret klinkbekl\u00e6dning udvendig og\u00a0undertags-dug indvendig<br \/>\nGulvet er 9 mm\u00a0vognplade, p\u00e5 en trykimpr\u00e6neret ramme. Vinduet er af plexiglas.<br \/>\nAlle kanter er pudset og alle skruer er rustfri.<\/p>\n\t\t<\/div>\n\t\t\t\t\t<\/div>\n\n\t\n<\/div>\n\t\t<\/div>\n\n\t\t\n<style>\n#section_1428006985 {\n  padding-top: 59px;\n  padding-bottom: 59px;\n  min-height: 300px;\n  background-color: rgb(96, 132, 71);\n}\n<\/style>\n\t<\/section>\n\t\n\t<div id=\"gap-1348300348\" class=\"gap-element clearfix\" style=\"display:block; height:auto;\">\n\t\t\n<style>\n#gap-1348300348 {\n  padding-top: 50px;\n}\n<\/style>\n\t<\/div>\n\t\n\n\t<section class=\"section dark has-mask mask-arrow\" id=\"section_648488106\">\n\t\t<div class=\"section-bg fill\" >\n\t\t\t\t\t\t\t\t\t\n\t\t\t\n\n\t\t<\/div>\n\n\t\t\n\n\t\t<div class=\"section-content relative\">\n\t\t\t\n<div class=\"row align-bottom\"  id=\"row-2069931355\">\n\n\t<div id=\"col-2014834748\" class=\"col medium-6 small-12 large-6\"  >\n\t\t\t\t<div class=\"col-inner\"  >\n\t\t\t\n\t\t\t\n<h3>T\u00f8ndehus, som h\u00f8nsehus, m\u00e5l<\/h3>\n<p>Der er \u00e9t vindue, en h\u00f8nselem p\u00e5 den ene side og en d\u00f8r p\u00e5 den anden.<br \/>\nLige inden for d\u00f8ren er der redekasser, s\u00e5 \u00e6ggene kan n\u00e5s udefra.<br \/>\nT\u00f8ndehusets m\u00e5l: Diameter 150 cm, l\u00e6ngde 160 cm. Bund indv. m\u00e5l 110 x 125 cm.<\/p>\n\t\t<\/div>\n\t\t\t\t\t<\/div>\n\n\t\n\n\t<div id=\"col-1213681035\" class=\"col medium-6 small-12 large-6\"  >\n\t\t\t\t<div class=\"col-inner\"  >\n\t\t\t\n\t\t\t\n<p>Gavlene er 15 mm vandfast krydsfiner.<br \/>\nTaget er af trykimpr\u00e6gneret klinkbekl\u00e6dning.<br \/>\nGulvet er 9 mm vognplade, p\u00e5 en trykimpr\u00e6neret ramme.<br \/>\nVinduet er af plexiglas.Alle kanter er pudset og alle skruer er rustfri.<\/p>\n\t\t<\/div>\n\t\t\t\t\t<\/div>\n\n\t\n\n\t<div id=\"col-1168346478\" class=\"col medium-6 small-12 large-6\"  >\n\t\t\t\t<div class=\"col-inner\"  >\n\t\t\t\n\t\t\t\n<h3>Hobbithus, som h\u00f8nsehus, m\u00e5l<\/h3>\n<p>Der er \u00e9t vindue, en h\u00f8nselem p\u00e5 den ene side og en d\u00f8r og et vindue p\u00e5 den anden<br \/>\nLige inden for d\u00f8ren er der redekasser, s\u00e5 \u00e6ggene kan n\u00e5s udefra.<br \/>\nHobbithus m\u00e5l: Huset er 130 cm h\u00f8jt, 240 cm bredt og 160 dyb.<\/p>\n\t\t<\/div>\n\t\t\t\t\t<\/div>\n\n\t\n\n\t<div id=\"col-406041908\" class=\"col medium-6 small-12 large-6\"  >\n\t\t\t\t<div class=\"col-inner\"  >\n\t\t\t\n\t\t\t\n<p>Gavlene er 15 mm vandfast krydsfiner.<br \/>\nTaget er af trykimpr\u00e6gneret klinkbekl\u00e6dning.<br \/>\nGulvet er 9 mm vognplade, p\u00e5 en trykimpr\u00e6neret ramme.<br \/>\nVinduet er af plexiglas.Alle kanter er pudset og alle skruer er rustfri.<\/p>\n\t\t<\/div>\n\t\t\t\t\t<\/div>\n\n\t\n\n\t<div id=\"col-1939227910\" class=\"col medium-4 small-12 large-4\"  >\n\t\t\t\t<div class=\"col-inner\"  >\n\t\t\t\n\t\t\t\n\t<div class=\"img has-hover x md-x lg-x y md-y lg-y\" id=\"image_924922435\">\n\t\t\t\t\t\t\t\t<div class=\"img-inner dark\" >\n\t\t\t<img loading=\"lazy\" decoding=\"async\" width=\"451\" height=\"264\" src=\"https:\/\/troldehave.dk\/helges\/wp-content\/uploads\/2021\/06\/428_297685.jpg\" class=\"attachment-large size-large\" alt=\"\" srcset=\"https:\/\/troldehave.dk\/helges\/wp-content\/uploads\/2021\/06\/428_297685.jpg 451w, https:\/\/troldehave.dk\/helges\/wp-content\/uploads\/2021\/06\/428_297685-300x176.jpg 300w\" sizes=\"auto, (max-width: 451px) 100vw, 451px\" \/>\t\t\t\t\t\t\n\t\t\t\t\t<\/div>\n\t\t\t\t\t\t\t\t\n<style>\n#image_924922435 {\n  width: 100%;\n}\n<\/style>\n\t<\/div>\n\t\n\t\t<\/div>\n\t\t\t\t\t<\/div>\n\n\t\n\n\t<div id=\"col-992244628\" class=\"col medium-6 small-12 large-6\"  >\n\t\t\t\t<div class=\"col-inner\"  >\n\t\t\t\n\t\t\t\n<h3>Farver<\/h3>\n<p>Du bestemmer selv hvilke farver du eventuelt vil have huset malet send os blot en mail med Fl\u00fcggers farvekoder.<\/p>\n<p>For at v\u00e6re sikker p\u00e5 at farven matcher dine \u00f8nsker, angiv venligst farvekode. Farverne p\u00e5 sk\u00e6rmen kan afvige fra virkeligheden.<\/p>\n\t\t<\/div>\n\t\t\t\t\t<\/div>\n\n\t\n\n\t<div id=\"col-786169705\" class=\"col medium-2 small-12 large-2\"  >\n\t\t\t\t<div class=\"col-inner\"  >\n\t\t\t\n\t\t\t\n\t<div class=\"img has-hover x md-x lg-x y md-y lg-y\" id=\"image_1671989282\">\n\t\t<a class=\"\" href=\"https:\/\/www.flugger.dk\/farver-til-dit-hjem\/farvekort\/\" target=\"_blank\" rel=\"noopener\" >\t\t\t\t\t\t<div class=\"img-inner dark\" >\n\t\t\t<img loading=\"lazy\" decoding=\"async\" width=\"145\" height=\"145\" src=\"https:\/\/troldehave.dk\/helges\/wp-content\/uploads\/2021\/06\/fluggerlogo_srcset-large.png\" class=\"attachment-large size-large\" alt=\"\" \/>\t\t\t\t\t\t\n\t\t\t\t\t<\/div>\n\t\t\t\t\t\t<\/a>\t\t\n<style>\n#image_1671989282 {\n  width: 83%;\n}\n<\/style>\n\t<\/div>\n\t\n<p><a href=\"https:\/\/www.flugger.dk\/farver-til-dit-hjem\/farvekort\/\" target=\"_blank\" rel=\"noopener\">Fl\u00fcgger\u00a0Farver<\/a><\/p>\n\t\t<\/div>\n\t\t\t\t\t<\/div>\n\n\t\n<\/div>\n\t\t<\/div>\n\n\t\t\n<style>\n#section_648488106 {\n  padding-top: 59px;\n  padding-bottom: 59px;\n  min-height: 300px;\n  background-color: rgb(96, 132, 71);\n}\n<\/style>\n\t<\/section>\n\t\n\t<div id=\"gap-143824839\" class=\"gap-element clearfix\" style=\"display:block; height:auto;\">\n\t\t\n<style>\n#gap-143824839 {\n  padding-top: 50px;\n}\n<\/style>\n\t<\/div>\n\t\n\n\t<section class=\"section dark has-mask mask-arrow\" id=\"section_15687294\">\n\t\t<div class=\"section-bg fill\" >\n\t\t\t\t\t\t\t\t\t\n\t\t\t\n\n\t\t<\/div>\n\n\t\t\n\n\t\t<div class=\"section-content relative\">\n\t\t\t\n<div class=\"row\"  id=\"row-1728570517\">\n\n\t<div id=\"col-208526570\" class=\"col medium-6 small-12 large-6\"  >\n\t\t\t\t<div class=\"col-inner\"  >\n\t\t\t\n\t\t\t\n<h3>Priser H\u00f8nsehus, (i t\u00f8ndedesign)<\/h3>\n<p>Pris for umalet h\u00f8nsehus: kr. 13.000,00 uden redekasser.<br \/>\nDen gr\u00f8nne udgave: kr. 13.900,00 klik for info<\/p>\n<p>Pris for umalet h\u00f8nsehus: kr. 14.300,00 med tre redekasser<br \/>\nDen gr\u00f8nne udgave: kr. 15.200,00<\/p>\n<p>merpris for malet, udvendigt<\/p>\n<p>sider: kr. 700,00<br \/>\ntag: kr. 900,00<\/p>\n<p>merpris for svanem\u00e6rket, udvendigt<br \/>\nsider: kr. 800,00<br \/>\ntag: kr. 1.000,00<\/p>\n<p>merpris for malet, indvendigt<br \/>\nsider kr 700,00<\/p>\n<p>merpris for svanem\u00e6rket, indvendigt<br \/>\nsider kr 800,00<\/p>\n\t\t<\/div>\n\t\t\t\t\t<\/div>\n\n\t\n\n\t<div id=\"col-979518571\" class=\"col medium-6 small-12 large-6\"  >\n\t\t\t\t<div class=\"col-inner\"  >\n\t\t\t\n\t\t\t\n<h3>Priser\u00a0H\u00f8nsehus, (designet som hobbithus)<\/h3>\n<p>Pris for umalet h\u00f8nsehus: kr. 13.000,00 uden redekasser<\/p>\n<p>Den gr\u00f8nne udgave, uden redekasser: kr. 13.900,00<\/p>\n<p>Pris for umalet h\u00f8nsehus: kr. 14.300,00 med 3 redekasser<\/p>\n<p>Den gr\u00f8nne udgave, med 3 redekasser: kr. 15.200,00<\/p>\n<p>merpris for malet, udvendigt<br \/>\nsider: kr. 900,00<br \/>\ntag: kr. 1.200,00<\/p>\n<p>merpris for malet, indvendigt<br \/>\nsider kr. 900,00<\/p>\n<p>merpris for svanem\u00e6rket, udvendigt<br \/>\nsider: kr. 1.000,00<br \/>\ntag: kr. 1.300,00<\/p>\n<p>merpris for svanem\u00e6rket, indvendigt<br \/>\nsider kr. 1.000,00<\/p>\n\t\t<\/div>\n\t\t\t\t\t<\/div>\n\n\t\n\n\t<div id=\"col-860257557\" class=\"col small-12 large-12\"  >\n\t\t\t\t<div class=\"col-inner\"  >\n\t\t\t\n\t\t\t\n<p>V\u00e6r opm\u00e6rksom p\u00e5 at\u00a0prisen er uden stel og h\u00f8nseg\u00e5rd<\/p>\n\t\t<\/div>\n\t\t\t\t\t<\/div>\n\n\t\n<\/div>\n\t\t<\/div>\n\n\t\t\n<style>\n#section_15687294 {\n  padding-top: 59px;\n  padding-bottom: 59px;\n  min-height: 300px;\n  background-color: rgb(96, 132, 71);\n}\n<\/style>\n\t<\/section>\n\t\n\t<div id=\"gap-1745033708\" class=\"gap-element clearfix\" style=\"display:block; height:auto;\">\n\t\t\n<style>\n#gap-1745033708 {\n  padding-top: 50px;\n}\n<\/style>\n\t<\/div>\n\t\n\n\t<section class=\"section dark has-mask mask-arrow\" id=\"section_991858970\">\n\t\t<div class=\"section-bg fill\" >\n\t\t\t\t\t\t\t\t\t\n\t\t\t\n\n\t\t<\/div>\n\n\t\t\n\n\t\t<div class=\"section-content relative\">\n\t\t\t\n<div class=\"row\"  id=\"row-221169459\">\n\n\t<div id=\"col-1093998344\" class=\"col medium-6 small-12 large-6\"  >\n\t\t\t\t<div class=\"col-inner\"  >\n\t\t\t\n\t\t\t\n<h3>Bestilling<\/h3>\n<p>Bestillinger modtages pr e-mail.<\/p>\n<p>Du f\u00e5r selvf\u00f8lgelig en ordrebekr\u00e6ftelse p\u00e5 bestilling og levering.<\/p>\n<p>Du er naturligvis velkommen til at ringe til Helges V\u00e6rksted, hvis du har sp\u00f8rgsm\u00e5l.<\/p>\n<p><a href=\"https:\/\/troldehave.dk\/helges\/kontakt-bestilling\/\">Kontaktsiden<\/a><\/p>\n\t\t<\/div>\n\t\t\t\t\t<\/div>\n\n\t\n\n\t<div id=\"col-1801909318\" class=\"col medium-6 small-12 large-6\"  >\n\t\t\t\t<div class=\"col-inner\"  >\n\t\t\t\n\t\t\t\n<h3>Betaling, private<\/h3>\n<p>Ved bestlling af Eventyrhuset, forudbetales kr. 4.000,00 via mobilepay eller bankoverf\u00f8rsel.<\/p>\n<p>Ved bestilllingaf senge, hobbit- og t\u00f8ndehuse samt h\u00f8nsehuse skal der forudbetales kr. 2.000,00 ved bestilling via mobilepay eller bankoverf\u00f8rsel.<\/p>\n<p>OBS. Restbel\u00f8bet betales kontant ved afhentning \/ levering,\u00a0hvis ikke andet er aftalt.<\/p>\n\t\t<\/div>\n\t\t\t\t\t<\/div>\n\n\t\n<\/div>\n\t\t<\/div>\n\n\t\t\n<style>\n#section_991858970 {\n  padding-top: 59px;\n  padding-bottom: 59px;\n  min-height: 300px;\n  background-color: rgb(96, 132, 71);\n}\n<\/style>\n\t<\/section>\n\t\n\t<div id=\"gap-934453325\" class=\"gap-element clearfix\" style=\"display:block; height:auto;\">\n\t\t\n<style>\n#gap-934453325 {\n  padding-top: 50px;\n}\n<\/style>\n\t<\/div>\n\t\n<p>&nbsp;<\/p>\n","protected":false},"excerpt":{"rendered":"<p>&nbsp;<\/p>\n","protected":false},"author":1,"featured_media":0,"parent":0,"menu_order":0,"comment_status":"closed","ping_status":"closed","template":"","meta":{"footnotes":""},"class_list":["post-20","page","type-page","status-publish","hentry"],"_links":{"self":[{"href":"https:\/\/troldehave.dk\/helges\/wp-json\/wp\/v2\/pages\/20","targetHints":{"allow":["GET"]}}],"collection":[{"href":"https:\/\/troldehave.dk\/helges\/wp-json\/wp\/v2\/pages"}],"about":[{"href":"https:\/\/troldehave.dk\/helges\/wp-json\/wp\/v2\/types\/page"}],"author":[{"embeddable":true,"href":"https:\/\/troldehave.dk\/helges\/wp-json\/wp\/v2\/users\/1"}],"replies":[{"embeddable":true,"href":"https:\/\/troldehave.dk\/helges\/wp-json\/wp\/v2\/comments?post=20"}],"version-history":[{"count":3,"href":"https:\/\/troldehave.dk\/helges\/wp-json\/wp\/v2\/pages\/20\/revisions"}],"predecessor-version":[{"id":385,"href":"https:\/\/troldehave.dk\/helges\/wp-json\/wp\/v2\/pages\/20\/revisions\/385"}],"wp:attachment":[{"href":"https:\/\/troldehave.dk\/helges\/wp-json\/wp\/v2\/media?parent=20"}],"curies":[{"name":"wp","href":"https:\/\/api.w.org\/{rel}","templated":true}]}}