{"id":24,"date":"2021-06-08T09:58:24","date_gmt":"2021-06-08T09:58:24","guid":{"rendered":"https:\/\/troldehave.dk\/helges\/?page_id=24"},"modified":"2021-06-08T21:45:39","modified_gmt":"2021-06-08T21:45:39","slug":"kontakt-bestilling","status":"publish","type":"page","link":"https:\/\/troldehave.dk\/helges\/kontakt-bestilling\/","title":{"rendered":"Kontakt &#038; Bestilling"},"content":{"rendered":"<div class=\"row\"  id=\"row-875259243\">\n\n\t<div id=\"col-1952124633\" class=\"col medium-6 small-12 large-6\"  >\n\t\t\t\t<div class=\"col-inner\"  >\n\t\t\t\n\t\t\t\n\t<div class=\"img has-hover x md-x lg-x y md-y lg-y\" id=\"image_534748431\">\n\t\t\t\t\t\t\t\t<div class=\"img-inner dark\" >\n\t\t\t<img loading=\"lazy\" decoding=\"async\" width=\"545\" height=\"322\" src=\"https:\/\/troldehave.dk\/helges\/wp-content\/uploads\/2021\/06\/helgesvrkstedtop1_srcset-large.jpg\" class=\"attachment-large size-large\" alt=\"\" srcset=\"https:\/\/troldehave.dk\/helges\/wp-content\/uploads\/2021\/06\/helgesvrkstedtop1_srcset-large.jpg 545w, https:\/\/troldehave.dk\/helges\/wp-content\/uploads\/2021\/06\/helgesvrkstedtop1_srcset-large-300x177.jpg 300w\" sizes=\"auto, (max-width: 545px) 100vw, 545px\" \/>\t\t\t\t\t\t\n\t\t\t\t\t<\/div>\n\t\t\t\t\t\t\t\t\n<style>\n#image_534748431 {\n  width: 59%;\n}\n<\/style>\n\t<\/div>\n\t\n<h4>Bestillinger modtages pr e-mail<\/h4>\n<p>Du f\u00e5r en ordrebekr\u00e6ftelse p\u00e5 bestilling, levering og evt. afhentning<br \/>Du er naturligvis velkommen til at skrive eller ringe til Helges V\u00e6rksted, hvis du har sp\u00f8rgsm\u00e5l.<\/p>\n<h4>Helges V\u00e6rksted\/ Heartbusiness<\/h4>\n<p>Adresse<br \/>Br\u00f8nsholmvej 10<br \/>2980 Kokkedal<br \/>Telefon\u00a04050 0459<br \/>E-mail <a href=\"mailto:ls@troldehave.dk\">ls@troldehave.dk<\/a><\/p>\n\t\t<\/div>\n\t\t\t\t\t<\/div>\n\n\t\n\n\t<div id=\"col-67713355\" class=\"col medium-6 small-12 large-6\"  >\n\t\t\t\t<div class=\"col-inner\"  >\n\t\t\t\n\t\t\t\n<p><iframe src=\"https:\/\/www.google.com\/maps\/embed?pb=!1m18!1m12!1m3!1d2236.134454413275!2d12.473861951309873!3d55.91236898704645!2m3!1f0!2f0!3f0!3m2!1i1024!2i768!4f13.1!3m3!1m2!1s0x4652480e791c761b%3A0xdde3420ec347f1e7!2sBr%C3%B8nsholmvej%2010A%2C%202980%20Kokkedal!5e0!3m2!1sda!2sdk!4v1623156060780!5m2!1sda!2sdk\" width=\"600\" height=\"500\" style=\"border:0;\" allowfullscreen=\"\" loading=\"lazy\"><\/iframe><\/p>\n\t\t<\/div>\n\t\t\t\t\t<\/div>\n\n\t\n<\/div>\n","protected":false},"excerpt":{"rendered":"","protected":false},"author":1,"featured_media":0,"parent":0,"menu_order":0,"comment_status":"closed","ping_status":"closed","template":"","meta":{"footnotes":""},"class_list":["post-24","page","type-page","status-publish","hentry"],"_links":{"self":[{"href":"https:\/\/troldehave.dk\/helges\/wp-json\/wp\/v2\/pages\/24","targetHints":{"allow":["GET"]}}],"collection":[{"href":"https:\/\/troldehave.dk\/helges\/wp-json\/wp\/v2\/pages"}],"about":[{"href":"https:\/\/troldehave.dk\/helges\/wp-json\/wp\/v2\/types\/page"}],"author":[{"embeddable":true,"href":"https:\/\/troldehave.dk\/helges\/wp-json\/wp\/v2\/users\/1"}],"replies":[{"embeddable":true,"href":"https:\/\/troldehave.dk\/helges\/wp-json\/wp\/v2\/comments?post=24"}],"version-history":[{"count":3,"href":"https:\/\/troldehave.dk\/helges\/wp-json\/wp\/v2\/pages\/24\/revisions"}],"predecessor-version":[{"id":361,"href":"https:\/\/troldehave.dk\/helges\/wp-json\/wp\/v2\/pages\/24\/revisions\/361"}],"wp:attachment":[{"href":"https:\/\/troldehave.dk\/helges\/wp-json\/wp\/v2\/media?parent=24"}],"curies":[{"name":"wp","href":"https:\/\/api.w.org\/{rel}","templated":true}]}}