{"id":371,"date":"2021-06-09T06:48:59","date_gmt":"2021-06-09T06:48:59","guid":{"rendered":"https:\/\/collage4host.com\/helgesvaerksted\/?page_id=371"},"modified":"2021-06-09T06:49:15","modified_gmt":"2021-06-09T06:49:15","slug":"vedligeholdelse","status":"publish","type":"page","link":"https:\/\/troldehave.dk\/helges\/vedligeholdelse\/","title":{"rendered":"Vedligeholdelse"},"content":{"rendered":"\t<div id=\"gap-133121686\" class=\"gap-element clearfix\" style=\"display:block; height:auto;\">\n\t\t\n<style>\n#gap-133121686 {\n  padding-top: 30px;\n}\n<\/style>\n\t<\/div>\n\t\n\n\t<section class=\"section dark has-mask mask-arrow\" id=\"section_1288366068\">\n\t\t<div class=\"section-bg fill\" >\n\t\t\t\t\t\t\t\t\t\n\t\t\t\n\n\t\t<\/div>\n\n\t\t\n\n\t\t<div class=\"section-content relative\">\n\t\t\t\n<div class=\"row\"  id=\"row-1470707943\">\n\n\t<div id=\"col-378054036\" class=\"col small-12 large-12\"  >\n\t\t\t\t<div class=\"col-inner\"  >\n\t\t\t\n\t\t\t\n<div class=\"contentArea contentAreaC\">\n<h3>Behandling og vedligeholdelse af legehuset<\/h3>\n<p>Det er vigtigt at huske, at et legehus er et udend\u00f8rs rum.<\/p>\n<p>Vi ser at mange af vores kunder bliver s\u00e5 glade for husene, at de flytter helt ind, n\u00e6sten da&#8230; ofte bliver legehusene indrettet med sm\u00e5m\u00f8bler, puder og t\u00e6pper. Ligesom der ogs\u00e5 er mange der har b\u00f8ger og andet leget\u00f8j i deres legehuse.<\/p>\n<p>Det er vi rigtig glade for.<\/p>\n<p>Det er bare vigtigt at huske, at et legehus er et udend\u00f8rs rum.<\/p>\n<p>Det vil sige, at legehusene er ikke isolerede. Husene har dog undertag, der er fuget inden selve taget s\u00e6ttes fast, ligesom alle skruehullerne i taget er t\u00e6tnet. Alligevel er det ikke 100% vandt\u00e6t som et &#8220;rigtigt&#8221; hus.<\/p>\n<p>Taget er som fremstillet af trykimpr\u00e6gnerede klinkbr\u00e6dder eller af superwood, og er alts\u00e5 dermed behandlet. Alle \u00f8vrige overflader bliver, p\u00e5 v\u00e6rkstedet, behandlet med &#8220;antigr\u00f8nt&#8221; for at sk\u00e6rme det midlertidigt mod skimmel indtil det bliver malet.<\/p>\n<p>Vores legehuse leveres b\u00e5de malet og umalet. Det er vigtigt at alle overflader bliver behandlet med olie eller maling inden for en kortere periode efter du har modtaget huset.<\/p>\n<p>Hvis du har modtaget et legehus der er malet, skal du blot g\u00e5 det efter med j\u00e6vne mellemrum for at male eventuelle revner og de sm\u00e5skader der naturligt opst\u00e5r grundet vejret og ved leg (husk at gemme dine farvekoder).<\/p>\n<p>Tr\u00e6 er nemlig et levende materiale &#8211; ogs\u00e5 efter fremstilling &#8211; og vejret her hos os i Norden p\u00e5virker legehuset (og dit \u00f8vrige tr\u00e6v\u00e6rk) hele \u00e5ret. Sol, regn, sne og temperatursvingninger kan f\u00e5 tr\u00e6et til at revne, og s\u00e5 er der fri adgang for fugt og der med ogs\u00e5 for skimmel.<br \/>\nDet betyder desv\u00e6rre at selvom legehuset er behandlet efter alle kunstens regler inden det forlader v\u00e6rkstedet, kan du risikere at opleve ut\u00e6theder.<\/p>\n<p>V\u00e6lger du en held\u00e6kkende tr\u00e6beskyttelse er du bedst sikret, den lukker for solens str\u00e5ler og l\u00e6gger sig som en vandt\u00e6t hinde p\u00e5 overfladen.<\/p>\n<p>Maleren anbefaler; brug pensel &#8211; glem spr\u00f8jtemetoder og andre tidsbesparende metoder. Tag den tid det tager, s\u00e6t lidt god musik p\u00e5, lad hele familien deltage, s\u00e5 g\u00e5r det som en leg. Mal gerne og helst 2 gange.<br \/>\nHusk endelig at male legehuset indvendigt for at sikre mod skimmelsvamp.<\/p>\n<p>De bedste forhold n\u00e5r du skal male:<br \/>\nTr\u00e6et skal v\u00e6re rent og t\u00f8rt, det skal v\u00e6re t\u00f8rvejr (luftfugtighed under 80%) og helst med temperaturer mellem 15 og 25\u00b0C.<\/p>\n<h3>Rigtig god forn\u00f8jelse<\/h3>\n<\/div>\n\t\t<\/div>\n\t\t\t\t\t<\/div>\n\n\t\n<\/div>\n\t\t<\/div>\n\n\t\t\n<style>\n#section_1288366068 {\n  padding-top: 59px;\n  padding-bottom: 59px;\n  min-height: 300px;\n  background-color: rgb(96, 132, 71);\n}\n<\/style>\n\t<\/section>\n\t\n","protected":false},"excerpt":{"rendered":"","protected":false},"author":1,"featured_media":0,"parent":0,"menu_order":0,"comment_status":"closed","ping_status":"closed","template":"","meta":{"footnotes":""},"class_list":["post-371","page","type-page","status-publish","hentry"],"_links":{"self":[{"href":"https:\/\/troldehave.dk\/helges\/wp-json\/wp\/v2\/pages\/371","targetHints":{"allow":["GET"]}}],"collection":[{"href":"https:\/\/troldehave.dk\/helges\/wp-json\/wp\/v2\/pages"}],"about":[{"href":"https:\/\/troldehave.dk\/helges\/wp-json\/wp\/v2\/types\/page"}],"author":[{"embeddable":true,"href":"https:\/\/troldehave.dk\/helges\/wp-json\/wp\/v2\/users\/1"}],"replies":[{"embeddable":true,"href":"https:\/\/troldehave.dk\/helges\/wp-json\/wp\/v2\/comments?post=371"}],"version-history":[{"count":2,"href":"https:\/\/troldehave.dk\/helges\/wp-json\/wp\/v2\/pages\/371\/revisions"}],"predecessor-version":[{"id":373,"href":"https:\/\/troldehave.dk\/helges\/wp-json\/wp\/v2\/pages\/371\/revisions\/373"}],"wp:attachment":[{"href":"https:\/\/troldehave.dk\/helges\/wp-json\/wp\/v2\/media?parent=371"}],"curies":[{"name":"wp","href":"https:\/\/api.w.org\/{rel}","templated":true}]}}